{"id":39,"date":"2020-05-22T15:40:43","date_gmt":"2020-05-22T18:40:43","guid":{"rendered":"http:\/\/mazzolasolucoes.com.br\/blog\/?page_id=39"},"modified":"2020-07-03T16:23:22","modified_gmt":"2020-07-03T19:23:22","slug":"sobre","status":"publish","type":"page","link":"https:\/\/mazzolasolucoes.com.br\/blog\/sobre\/","title":{"rendered":"Sobre"},"content":{"rendered":"\n<figure class=\"wp-block-image size-large\"><img loading=\"lazy\" decoding=\"async\" width=\"1000\" height=\"600\" src=\"http:\/\/mazzolasolucoes.com.br\/blog\/wp-content\/uploads\/2020\/06\/SOBRE_EMPRESA-1.png\" alt=\"\" class=\"wp-image-243\" srcset=\"https:\/\/mazzolasolucoes.com.br\/blog\/wp-content\/uploads\/2020\/06\/SOBRE_EMPRESA-1.png 1000w, https:\/\/mazzolasolucoes.com.br\/blog\/wp-content\/uploads\/2020\/06\/SOBRE_EMPRESA-1-300x180.png 300w, https:\/\/mazzolasolucoes.com.br\/blog\/wp-content\/uploads\/2020\/06\/SOBRE_EMPRESA-1-768x461.png 768w\" sizes=\"auto, (max-width: 1000px) 100vw, 1000px\" \/><\/figure>\n\n\n\n<p>Ol\u00e1, seja bem-vindo (a) ao Blog.Mazzola.<br>Somos uma empresa atuante no ramo de contabilidade e assessoria empresarial h\u00e1 46 anos, na cidade de Jundia\u00ed (SP).<br>Criamos este blog com o objetivo de ajudar empres\u00e1rios e empreendedores com suas empresas.<\/p>\n\n\n\n<p>A equipe que est\u00e1 por tr\u00e1s do funcionamento deste blog \u00e9 formada pelo pr\u00f3prio elenco da Mazzola Contabilidade. Abrimos o espa\u00e7o para que <strong>TODOS<\/strong> que tivessem interesse, participasse deste projeto. Afinal, juntos somos mais fortes.<\/p>\n\n\n\n<figure class=\"wp-block-image size-large\"><img loading=\"lazy\" decoding=\"async\" width=\"1000\" height=\"600\" src=\"http:\/\/mazzolasolucoes.com.br\/blog\/wp-content\/uploads\/2020\/06\/SOBRE_EQUIPE.png\" alt=\"\" class=\"wp-image-244\" srcset=\"https:\/\/mazzolasolucoes.com.br\/blog\/wp-content\/uploads\/2020\/06\/SOBRE_EQUIPE.png 1000w, https:\/\/mazzolasolucoes.com.br\/blog\/wp-content\/uploads\/2020\/06\/SOBRE_EQUIPE-300x180.png 300w, https:\/\/mazzolasolucoes.com.br\/blog\/wp-content\/uploads\/2020\/06\/SOBRE_EQUIPE-768x461.png 768w\" sizes=\"auto, (max-width: 1000px) 100vw, 1000px\" \/><\/figure>\n\n\n\n<p>No blog voc\u00ea ter\u00e1 acesso a artigos, informa\u00e7\u00f5es e dicas sobre empreendedorismo, mercado, gest\u00e3o e muito mais.<br>Somos motivados por novos desafios e pela propaga\u00e7\u00e3o e dissemina\u00e7\u00e3o de conhecimento, e atrav\u00e9s deste blog esperamos proporcionar aprendizado, crescimento e desenvolvimento para outras pessoas.<br>Vamos empreender?<\/p>\n","protected":false},"excerpt":{"rendered":"<p>Ol\u00e1, seja bem-vindo (a) ao Blog.Mazzola.Somos uma empresa atuante no ramo de contabilidade e assessoria empresarial h\u00e1 46 anos, na cidade de Jundia\u00ed (SP).Criamos este blog com o objetivo de ajudar empres\u00e1rios e empreendedores com suas empresas. A equipe que est\u00e1 por tr\u00e1s do funcionamento deste blog \u00e9 formada pelo pr\u00f3prio elenco da Mazzola Contabilidade. [&hellip;]<\/p>\n","protected":false},"author":1,"featured_media":0,"parent":0,"menu_order":0,"comment_status":"closed","ping_status":"closed","template":"","meta":{"footnotes":""},"class_list":["post-39","page","type-page","status-publish","hentry"],"blocksy_meta":[],"rttpg_featured_image_url":null,"rttpg_author":{"display_name":"mazzolasolucoes","author_link":"https:\/\/mazzolasolucoes.com.br\/blog\/author\/mazzolasolucoes\/"},"rttpg_comment":0,"rttpg_category":null,"rttpg_excerpt":"Ol\u00e1, seja bem-vindo (a) ao Blog.Mazzola.Somos uma empresa atuante no ramo de contabilidade e assessoria empresarial h\u00e1 46 anos, na cidade de Jundia\u00ed (SP).Criamos este blog com o objetivo de ajudar empres\u00e1rios e empreendedores com suas empresas. A equipe que est\u00e1 por tr\u00e1s do funcionamento deste blog \u00e9 formada pelo pr\u00f3prio elenco da Mazzola Contabilidade.&hellip;","_links":{"self":[{"href":"https:\/\/mazzolasolucoes.com.br\/blog\/wp-json\/wp\/v2\/pages\/39","targetHints":{"allow":["GET"]}}],"collection":[{"href":"https:\/\/mazzolasolucoes.com.br\/blog\/wp-json\/wp\/v2\/pages"}],"about":[{"href":"https:\/\/mazzolasolucoes.com.br\/blog\/wp-json\/wp\/v2\/types\/page"}],"author":[{"embeddable":true,"href":"https:\/\/mazzolasolucoes.com.br\/blog\/wp-json\/wp\/v2\/users\/1"}],"replies":[{"embeddable":true,"href":"https:\/\/mazzolasolucoes.com.br\/blog\/wp-json\/wp\/v2\/comments?post=39"}],"version-history":[{"count":5,"href":"https:\/\/mazzolasolucoes.com.br\/blog\/wp-json\/wp\/v2\/pages\/39\/revisions"}],"predecessor-version":[{"id":283,"href":"https:\/\/mazzolasolucoes.com.br\/blog\/wp-json\/wp\/v2\/pages\/39\/revisions\/283"}],"wp:attachment":[{"href":"https:\/\/mazzolasolucoes.com.br\/blog\/wp-json\/wp\/v2\/media?parent=39"}],"curies":[{"name":"wp","href":"https:\/\/api.w.org\/{rel}","templated":true}]}}